{"id":10448,"date":"2025-12-22T17:57:02","date_gmt":"2025-12-22T16:57:02","guid":{"rendered":"https:\/\/accelcars.com\/es\/?page_id=10448"},"modified":"2026-03-30T15:25:58","modified_gmt":"2026-03-30T13:25:58","slug":"venta-qbola","status":"publish","type":"page","link":"https:\/\/accelcars.com\/es\/venta-qbola\/","title":{"rendered":"Venta Q\u00b4bol\u00e1"},"content":{"rendered":"\t\t<div data-elementor-type=\"wp-page\" data-elementor-id=\"10448\" class=\"elementor elementor-10448\" data-elementor-post-type=\"page\">\n\t\t\t\t<div class=\"elementor-element elementor-element-26808ce e-con-full e-flex e-con e-parent\" data-id=\"26808ce\" data-element_type=\"container\" data-e-type=\"container\">\n\t\t\t\t<div class=\"elementor-element elementor-element-acd1b6b elementor-arrows-position-inside elementor-pagination-position-outside elementor-widget elementor-widget-image-carousel\" data-id=\"acd1b6b\" data-element_type=\"widget\" data-e-type=\"widget\" data-settings=\"{&quot;navigation&quot;:&quot;both&quot;,&quot;autoplay&quot;:&quot;yes&quot;,&quot;pause_on_hover&quot;:&quot;yes&quot;,&quot;pause_on_interaction&quot;:&quot;yes&quot;,&quot;autoplay_speed&quot;:5000,&quot;infinite&quot;:&quot;yes&quot;,&quot;speed&quot;:500}\" data-widget_type=\"image-carousel.default\">\n\t\t\t\t<div class=\"elementor-widget-container\">\n\t\t\t\t\t\t\t<div class=\"elementor-image-carousel-wrapper swiper\" role=\"region\" aria-roledescription=\"carousel\" aria-label=\"Carrusel de im\u00e1genes\" dir=\"ltr\">\n\t\t\t<div class=\"elementor-image-carousel swiper-wrapper\" aria-live=\"off\">\n\t\t\t\t\t\t\t\t<div class=\"swiper-slide\" role=\"group\" aria-roledescription=\"slide\" aria-label=\"1 de 2\"><a data-elementor-open-lightbox=\"yes\" data-elementor-lightbox-slideshow=\"acd1b6b\" data-elementor-lightbox-title=\"ACCEL CARS - MEJOR EMPRESA DE ALQUILER DE COCHES DE MADRID\" data-elementor-lightbox-description=\"ALQUILAR COCHE EN LA MEJOR EMPRESA DE MADRID. ALQUILER DE COCHES BARATOS EN MADRID,\" data-e-action-hash=\"#elementor-action%3Aaction%3Dlightbox%26settings%3DeyJpZCI6MTA4MDcsInVybCI6Imh0dHBzOlwvXC9hY2NlbGNhcnMuY29tXC93cC1jb250ZW50XC91cGxvYWRzXC8yMDI2XC8wMlwvbWFkcmlkLTIucG5nIiwic2xpZGVzaG93IjoiYWNkMWI2YiJ9\" href=\"https:\/\/accelcars.com\/es\/alquilar-coche-por-dias-en-madrid\/\"><figure class=\"swiper-slide-inner\"><img decoding=\"async\" class=\"swiper-slide-image\" src=\"https:\/\/i0.wp.com\/accelcars.com\/wp-content\/uploads\/2026\/02\/madrid-2.png?fit=1350%2C700&amp;ssl=1\" alt=\"ACCEL CARS - MEJOR EMPRESA DE ALQUILER DE COCHES DE MADRID\" \/><\/figure><\/a><\/div><div class=\"swiper-slide\" role=\"group\" aria-roledescription=\"slide\" aria-label=\"2 de 2\"><a data-elementor-open-lightbox=\"yes\" data-elementor-lightbox-slideshow=\"acd1b6b\" data-elementor-lightbox-title=\"ICE DILAN MADRID COMPRAR ENTRADAS\" data-elementor-lightbox-description=\"COMPRAR ENTRADAS 1CE DILAN MADRID EVENTOS CONCIERTOS TEATRO LAS VEGAS QBOLA EVENT\" data-e-action-hash=\"#elementor-action%3Aaction%3Dlightbox%26settings%3DeyJpZCI6MTA3NjQsInVybCI6Imh0dHBzOlwvXC9hY2NlbGNhcnMuY29tXC93cC1jb250ZW50XC91cGxvYWRzXC8yMDI2XC8wMlwvbWFkcmlkLnBuZyIsInNsaWRlc2hvdyI6ImFjZDFiNmIifQ%3D%3D\" href=\"https:\/\/accelcars.com\/es\/alquilar-coche-por-dias-en-madrid\/\"><figure class=\"swiper-slide-inner\"><img decoding=\"async\" class=\"swiper-slide-image\" src=\"https:\/\/i0.wp.com\/accelcars.com\/wp-content\/uploads\/2026\/02\/madrid.png?fit=1350%2C700&amp;ssl=1\" alt=\"ICE DILAN MADRID COMPRAR ENTRADAS\" \/><\/figure><\/a><\/div>\t\t\t<\/div>\n\t\t\t\t\t\t\t\t\t\t\t\t<div class=\"elementor-swiper-button elementor-swiper-button-prev\" role=\"button\" tabindex=\"0\">\n\t\t\t\t\t\t<svg aria-hidden=\"true\" class=\"e-font-icon-svg e-eicon-chevron-left\" viewBox=\"0 0 1000 1000\" xmlns=\"http:\/\/www.w3.org\/2000\/svg\"><path d=\"M646 125C629 125 613 133 604 142L308 442C296 454 292 471 292 487 292 504 296 521 308 533L604 854C617 867 629 875 646 875 663 875 679 871 692 858 704 846 713 829 713 812 713 796 708 779 692 767L438 487 692 225C700 217 708 204 708 187 708 171 704 154 692 142 675 129 663 125 646 125Z\"><\/path><\/svg>\t\t\t\t\t<\/div>\n\t\t\t\t\t<div class=\"elementor-swiper-button elementor-swiper-button-next\" role=\"button\" tabindex=\"0\">\n\t\t\t\t\t\t<svg aria-hidden=\"true\" class=\"e-font-icon-svg e-eicon-chevron-right\" viewBox=\"0 0 1000 1000\" xmlns=\"http:\/\/www.w3.org\/2000\/svg\"><path d=\"M696 533C708 521 713 504 713 487 713 471 708 454 696 446L400 146C388 133 375 125 354 125 338 125 325 129 313 142 300 154 292 171 292 187 292 204 296 221 308 233L563 492 304 771C292 783 288 800 288 817 288 833 296 850 308 863 321 871 338 875 354 875 371 875 388 867 400 854L696 533Z\"><\/path><\/svg>\t\t\t\t\t<\/div>\n\t\t\t\t\n\t\t\t\t\t\t\t\t\t<div class=\"swiper-pagination\"><\/div>\n\t\t\t\t\t\t\t\t\t<\/div>\n\t\t\t\t\t\t<\/div>\n\t\t\t\t<\/div>\n\t\t\t\t<\/div>\n\t\t<div class=\"elementor-element elementor-element-b95b3e2 e-flex e-con-boxed e-con e-parent\" data-id=\"b95b3e2\" data-element_type=\"container\" data-e-type=\"container\">\n\t\t\t\t\t<div class=\"e-con-inner\">\n\t\t\t\t<div class=\"elementor-element elementor-element-c33e97b elementor-widget elementor-widget-text-editor\" data-id=\"c33e97b\" data-element_type=\"widget\" data-e-type=\"widget\" data-widget_type=\"text-editor.default\">\n\t\t\t\t<div class=\"elementor-widget-container\">\n\t\t\t\t\t\t\t\t\t<p>  <div class=\"accel-ticketing\">\n    <h2>YA 1CE DILAN ( OFERTA | PR\u00d3XIMAMENTE 40\u20ac )<\/h2>\n\n\n  <div class=\"accel-card\" style=\"margin-top:12px\">\n    <h3>Informaci\u00f3n<\/h3>\n    <div class=\"accel-small\">Tel 689346904 - Teatro las Vegas, Madrid - Calle de los Hermanos Garc\u00eda Noblejas 17, Madrid - 30 de Abril 2026 22:00h<\/div>\n  <\/div>\n\n    <div class=\"accel-grid\">\n      <div class=\"accel-card\">\n        <h3>Entrada general<\/h3>\n        <p><strong>35,00 \u20ac<\/strong><\/p>\n<p class=\"accel-small\">Mayores de 18 a\u00f1os obligatoriamente.<\/p>\n        <label>Cantidad<\/label>\n        <input type=\"number\" min=\"0\" max=\"20\" value=\"0\" id=\"accel_general_qty\"\/>\n      <\/div>\n\n      <div class=\"accel-card\">\n        <h3>Mesas<\/h3>\n        <p>Elige una mesa en el mapa. Cada mesa incluye <strong>entradas seg\u00fan aforo de mesa<\/strong>.<\/p>\n        <div class=\"accel-map-wrap\" style=\"max-width:900px\">\n      <div class=\"accel-map-static\">\n      <img decoding=\"async\" data-recalc-dims=\"1\" src=\"https:\/\/i0.wp.com\/accelcars.com\/wp-content\/uploads\/2026\/02\/WhatsApp-Image-2026-02-11-at-22.14.29.jpeg?w=800&#038;ssl=1\" alt=\"Plano de mesas\" style=\"width:100%;height:auto;display:block;\"\/>\n    <\/div>\n  <\/div>\n<div class=\"accel-table-picker\">\n  <h4>Selecciona tu mesa<\/h4>\n  <div class=\"accel-table-buttons\">\n  <button type=\"button\" id=\"accel_none_table\" class=\"accel-table-btn accel-table-none\">Ninguna<\/button>\n  <div id=\"accel_table_buttons\" class=\"accel-table-buttons-inner\"><\/div>\n<\/div>\n<\/div>\n<div id=\"accel_selected_table\" class=\"accel-selected\"><\/div>\n      <\/div>\n    <\/div>\n\n    <div class=\"accel-card accel-checkout\">\n      <h3>Datos para la reserva<\/h3>\n      <div class=\"accel-form\">\n        <div>\n          <label>Nombre y apellidos<\/label>\n          <input type=\"text\" id=\"accel_name\" required>\n        <\/div>\n        <div>\n          <label>Tel\u00e9fono<\/label>\n          <input type=\"tel\" id=\"accel_phone\" required>\n        <\/div>\n        <div>\n          <label>Email<\/label>\n          <input type=\"email\" id=\"accel_email\" required>\n        <\/div>\n      <\/div>\n\n      <div id=\"accel_price_box\" class=\"accel-price\"><\/div>\n\n      <button class=\"accel-btn\" id=\"accel_pay_btn\">Pagar con tarjeta<\/button>\n  <div class=\"accel-small\" style=\"margin-top:10px;border-top:1px solid #e5e7eb;padding-top:10px\">\n    1. CONDICIONES GENERALES DE VENTA\r\nIdentificaci\u00f3n: El organizador ACCEL MOBILE TECH SL , con CIF B56432347, es el responsable del evento.\r\nAdquisici\u00f3n: La compra de entradas a trav\u00e9s de canales no oficiales puede resultar en la invalidaci\u00f3n de las mismas sin derecho a reembolso.\r\nPrecios: Todos los precios incluyen los impuestos aplicables. \r\n2. DEVOLUCIONES Y CAMBIOS\r\nPol\u00edtica: Una vez adquirida la entrada, no se admitir\u00e1n cambios ni devoluciones.\r\nCancelaci\u00f3n: En caso de cancelaci\u00f3n total del evento por causas imputables al organizador, se proceder\u00e1 a la devoluci\u00f3n del importe de la entrada. La cancelaci\u00f3n por fuerza mayor (fen\u00f3menos clim\u00e1ticos, cat\u00e1strofes, decisiones gubernamentales) no garantiza la devoluci\u00f3n. \r\n3. DERECHO DE ADMISI\u00d3N Y SEGURIDAD\r\nLa organizaci\u00f3n se reserva el derecho de admisi\u00f3n.\r\nNo se permitir\u00e1 el acceso con objetos peligrosos.\r\nUna vez abandonado el recinto, no se permitir\u00e1 reingresar con la misma entrada.\r\nLa organizaci\u00f3n puede someter las entradas a control de identidad, debiendo el asistente acreditarse. \r\n4. REVENTA PROHIBIDA\r\nQueda terminantemente prohibida la reventa de entradas.\r\nLa detecci\u00f3n de entradas revendidas o falsificadas dar\u00e1 lugar a la anulaci\u00f3n de las mismas sin derecho a compensaci\u00f3n.\r\nEl uso de la entrada para fines publicitarios o comerciales (sorteos, regalos) sin consentimiento escrito est\u00e1 prohibido. \r\n  <\/div>\n      <div id=\"accel_err\" class=\"accel-error\"><\/div>\n      <p class=\"accel-note\">Tras el pago se mostrar\u00e1 tu QR. Haz un pantallazo y tr\u00e1elo al evento.<\/p>\n    <\/div>\n  <\/div>\n  <\/p><p><!-- \/wp:shortcode --><!-- wp:paragraph --><!-- \/wp:paragraph --><\/p>\t\t\t\t\t\t\t\t<\/div>\n\t\t\t\t<\/div>\n\t\t\t\t\t<\/div>\n\t\t\t\t<\/div>\n\t\t<div class=\"elementor-element elementor-element-b564292 e-flex e-con-boxed e-con e-parent\" data-id=\"b564292\" data-element_type=\"container\" data-e-type=\"container\">\n\t\t\t\t\t<div class=\"e-con-inner\">\n\t\t\t\t<div class=\"elementor-element elementor-element-5eb9939 elementor-widget elementor-widget-heading\" data-id=\"5eb9939\" data-element_type=\"widget\" data-e-type=\"widget\" data-widget_type=\"heading.default\">\n\t\t\t\t<div class=\"elementor-widget-container\">\n\t\t\t\t\t<h5 class=\"elementor-heading-title elementor-size-default\"><a href=\"https:\/\/api.whatsapp.com\/send\/?phone=34618159063&amp;text=Hola+AccelCars%2C+soy+cliente+y+necesito+mi+descuento+para+el+evento+de&amp;type=phone_number&amp;app_absent=0\" target=\"_blank\" rel=\"noopener\">SI ERES CLIENTE DE ACCEL CARS PINCHA AQU\u00cd Y OBT\u00c9N TUS ENTRADAS GRATIS PARA EVENTOS<\/a><\/h5>\t\t\t\t<\/div>\n\t\t\t\t<\/div>\n\t\t\t\t\t<\/div>\n\t\t\t\t<\/div>\n\t\t\t\t<\/div>\n\t\t","protected":false},"excerpt":{"rendered":"<p>ACCEL CARS - MEJOR EMPRESA DE ALQUILER DE COCHES DE MADRIDALQUILAR COCHE EN LA MEJOR EMPRESA DE MADRID. ALQUILER DE COCHES BARATOS EN MADRID,ACCEL CARS - MEJOR EMPRESA DE ALQUILER DE COCHES DE MADRIDICE DILAN MADRID COMPRAR ENTRADASCOMPRAR ENTRADAS 1CE DILAN MADRID EVENTOS CONCIERTOS TEATRO LAS VEGAS QBOLA EVENTICE DILAN MADRID COMPRAR ENTRADAS<\/p>\n","protected":false},"author":240754275,"featured_media":0,"parent":0,"menu_order":0,"comment_status":"closed","ping_status":"closed","template":"elementor_header_footer","meta":{"_crdt_document":"","_joinchat":[],"footnotes":""},"class_list":["post-10448","page","type-page","status-publish","hentry"],"ams_acf":[],"jetpack_likes_enabled":true,"jetpack_sharing_enabled":true,"jetpack_shortlink":"https:\/\/wp.me\/PfRJlW-2Iw","jetpack-related-posts":[],"_links":{"self":[{"href":"https:\/\/accelcars.com\/es\/wp-json\/wp\/v2\/pages\/10448","targetHints":{"allow":["GET"]}}],"collection":[{"href":"https:\/\/accelcars.com\/es\/wp-json\/wp\/v2\/pages"}],"about":[{"href":"https:\/\/accelcars.com\/es\/wp-json\/wp\/v2\/types\/page"}],"author":[{"embeddable":true,"href":"https:\/\/accelcars.com\/es\/wp-json\/wp\/v2\/users\/240754275"}],"replies":[{"embeddable":true,"href":"https:\/\/accelcars.com\/es\/wp-json\/wp\/v2\/comments?post=10448"}],"version-history":[{"count":53,"href":"https:\/\/accelcars.com\/es\/wp-json\/wp\/v2\/pages\/10448\/revisions"}],"predecessor-version":[{"id":10964,"href":"https:\/\/accelcars.com\/es\/wp-json\/wp\/v2\/pages\/10448\/revisions\/10964"}],"wp:attachment":[{"href":"https:\/\/accelcars.com\/es\/wp-json\/wp\/v2\/media?parent=10448"}],"curies":[{"name":"wp","href":"https:\/\/api.w.org\/{rel}","templated":true}]}}